{"id":220,"date":"2023-06-12T14:23:22","date_gmt":"2023-06-12T12:23:22","guid":{"rendered":"https:\/\/uwl-surfboards.com\/?page_id=220"},"modified":"2024-02-26T14:50:07","modified_gmt":"2024-02-26T13:50:07","slug":"midlenght","status":"publish","type":"page","link":"https:\/\/uwl-surfboards.com\/de\/nos-boards\/midlenght\/","title":{"rendered":"Midlenght"},"content":{"rendered":"","protected":false},"excerpt":{"rendered":"","protected":false},"author":1,"featured_media":507,"parent":231,"menu_order":0,"comment_status":"closed","ping_status":"closed","template":"","meta":{"_seopress_robots_primary_cat":"","_seopress_titles_title":"","_seopress_titles_desc":"D\u00e9couvrez le juste milieu avec nos Midlengths \ud83c\udfc4. \u00c9quilibre parfait entre maniabilit\u00e9 et stabilit\u00e9, elles sont id\u00e9ales pour ceux qui veulent progresser et explorer de nouveaux styles.","_seopress_robots_index":"","inline_featured_image":false,"footnotes":""},"class_list":["post-220","page","type-page","status-publish","has-post-thumbnail","hentry"],"acpt":{"meta":[]},"_links":{"self":[{"href":"https:\/\/uwl-surfboards.com\/de\/wp-json\/wp\/v2\/pages\/220","targetHints":{"allow":["GET"]}}],"collection":[{"href":"https:\/\/uwl-surfboards.com\/de\/wp-json\/wp\/v2\/pages"}],"about":[{"href":"https:\/\/uwl-surfboards.com\/de\/wp-json\/wp\/v2\/types\/page"}],"author":[{"embeddable":true,"href":"https:\/\/uwl-surfboards.com\/de\/wp-json\/wp\/v2\/users\/1"}],"replies":[{"embeddable":true,"href":"https:\/\/uwl-surfboards.com\/de\/wp-json\/wp\/v2\/comments?post=220"}],"version-history":[{"count":3,"href":"https:\/\/uwl-surfboards.com\/de\/wp-json\/wp\/v2\/pages\/220\/revisions"}],"predecessor-version":[{"id":574,"href":"https:\/\/uwl-surfboards.com\/de\/wp-json\/wp\/v2\/pages\/220\/revisions\/574"}],"up":[{"embeddable":true,"href":"https:\/\/uwl-surfboards.com\/de\/wp-json\/wp\/v2\/pages\/231"}],"wp:featuredmedia":[{"embeddable":true,"href":"https:\/\/uwl-surfboards.com\/de\/wp-json\/wp\/v2\/media\/507"}],"wp:attachment":[{"href":"https:\/\/uwl-surfboards.com\/de\/wp-json\/wp\/v2\/media?parent=220"}],"curies":[{"name":"wp","href":"https:\/\/api.w.org\/{rel}","templated":true}]}}