{"id":252,"date":"2024-02-27T09:14:06","date_gmt":"2024-02-27T08:14:06","guid":{"rendered":"https:\/\/uwl-surfboards.com\/?page_id=252"},"modified":"2024-02-27T09:14:06","modified_gmt":"2024-02-27T08:14:06","slug":"glasfaserdruck","status":"publish","type":"page","link":"https:\/\/uwl-surfboards.com\/de\/decoration\/impression-fibre-de-verre\/","title":{"rendered":"Glasfaserdruck"},"content":{"rendered":"","protected":false},"excerpt":{"rendered":"","protected":false},"author":1,"featured_media":380,"parent":250,"menu_order":0,"comment_status":"closed","ping_status":"closed","template":"","meta":{"_seopress_robots_primary_cat":"","_seopress_titles_title":"","_seopress_titles_desc":"L&#039;impression sur fibre de verre chez UWL Surfboards transforme votre planche de surf en \u0153uvre d&#039;art. Durabilit\u00e9 et esth\u00e9tique pour une personnalisation sans limites.","_seopress_robots_index":"","inline_featured_image":false,"footnotes":""},"class_list":["post-252","page","type-page","status-publish","has-post-thumbnail","hentry"],"acpt":{"meta":[]},"_links":{"self":[{"href":"https:\/\/uwl-surfboards.com\/de\/wp-json\/wp\/v2\/pages\/252","targetHints":{"allow":["GET"]}}],"collection":[{"href":"https:\/\/uwl-surfboards.com\/de\/wp-json\/wp\/v2\/pages"}],"about":[{"href":"https:\/\/uwl-surfboards.com\/de\/wp-json\/wp\/v2\/types\/page"}],"author":[{"embeddable":true,"href":"https:\/\/uwl-surfboards.com\/de\/wp-json\/wp\/v2\/users\/1"}],"replies":[{"embeddable":true,"href":"https:\/\/uwl-surfboards.com\/de\/wp-json\/wp\/v2\/comments?post=252"}],"version-history":[{"count":2,"href":"https:\/\/uwl-surfboards.com\/de\/wp-json\/wp\/v2\/pages\/252\/revisions"}],"predecessor-version":[{"id":547,"href":"https:\/\/uwl-surfboards.com\/de\/wp-json\/wp\/v2\/pages\/252\/revisions\/547"}],"up":[{"embeddable":true,"href":"https:\/\/uwl-surfboards.com\/de\/wp-json\/wp\/v2\/pages\/250"}],"wp:featuredmedia":[{"embeddable":true,"href":"https:\/\/uwl-surfboards.com\/de\/wp-json\/wp\/v2\/media\/380"}],"wp:attachment":[{"href":"https:\/\/uwl-surfboards.com\/de\/wp-json\/wp\/v2\/media?parent=252"}],"curies":[{"name":"wp","href":"https:\/\/api.w.org\/{rel}","templated":true}]}}