{"id":254,"date":"2024-02-27T09:14:06","date_gmt":"2024-02-27T08:14:06","guid":{"rendered":"https:\/\/uwl-surfboards.com\/?page_id=254"},"modified":"2024-02-27T09:14:06","modified_gmt":"2024-02-27T08:14:06","slug":"gefarbtes-harz","status":"publish","type":"page","link":"https:\/\/uwl-surfboards.com\/de\/decoration\/resine-teinte\/","title":{"rendered":"Gef\u00e4rbtes Harz"},"content":{"rendered":"","protected":false},"excerpt":{"rendered":"","protected":false},"author":1,"featured_media":501,"parent":250,"menu_order":0,"comment_status":"closed","ping_status":"closed","template":"","meta":{"_seopress_robots_primary_cat":"","_seopress_titles_title":"","_seopress_titles_desc":"Explorez l&#039;\u00e9l\u00e9gance de la r\u00e9sine teint\u00e9e pour planches de surf avec UWL Surfboards. Couleurs profondes, finition impeccable pour une esth\u00e9tique remarquable.","_seopress_robots_index":"","inline_featured_image":false,"footnotes":""},"class_list":["post-254","page","type-page","status-publish","has-post-thumbnail","hentry"],"acpt":{"meta":[]},"_links":{"self":[{"href":"https:\/\/uwl-surfboards.com\/de\/wp-json\/wp\/v2\/pages\/254","targetHints":{"allow":["GET"]}}],"collection":[{"href":"https:\/\/uwl-surfboards.com\/de\/wp-json\/wp\/v2\/pages"}],"about":[{"href":"https:\/\/uwl-surfboards.com\/de\/wp-json\/wp\/v2\/types\/page"}],"author":[{"embeddable":true,"href":"https:\/\/uwl-surfboards.com\/de\/wp-json\/wp\/v2\/users\/1"}],"replies":[{"embeddable":true,"href":"https:\/\/uwl-surfboards.com\/de\/wp-json\/wp\/v2\/comments?post=254"}],"version-history":[{"count":2,"href":"https:\/\/uwl-surfboards.com\/de\/wp-json\/wp\/v2\/pages\/254\/revisions"}],"predecessor-version":[{"id":550,"href":"https:\/\/uwl-surfboards.com\/de\/wp-json\/wp\/v2\/pages\/254\/revisions\/550"}],"up":[{"embeddable":true,"href":"https:\/\/uwl-surfboards.com\/de\/wp-json\/wp\/v2\/pages\/250"}],"wp:featuredmedia":[{"embeddable":true,"href":"https:\/\/uwl-surfboards.com\/de\/wp-json\/wp\/v2\/media\/501"}],"wp:attachment":[{"href":"https:\/\/uwl-surfboards.com\/de\/wp-json\/wp\/v2\/media?parent=254"}],"curies":[{"name":"wp","href":"https:\/\/api.w.org\/{rel}","templated":true}]}}