{"id":239,"date":"2023-06-22T14:14:14","date_gmt":"2023-06-22T12:14:14","guid":{"rendered":"https:\/\/uwl-surfboards.com\/?page_id=239"},"modified":"2024-02-26T13:01:09","modified_gmt":"2024-02-26T12:01:09","slug":"polyurethane","status":"publish","type":"page","link":"https:\/\/uwl-surfboards.com\/en\/technologies\/polyurethane\/","title":{"rendered":"Polyurethane"},"content":{"rendered":"","protected":false},"excerpt":{"rendered":"","protected":false},"author":1,"featured_media":375,"parent":247,"menu_order":0,"comment_status":"closed","ping_status":"closed","template":"","meta":{"_seopress_robots_primary_cat":"","_seopress_titles_title":"Planches de Surf en POLYUR\u00c9THANE - UWL Surfboards","_seopress_titles_desc":"D\u00e9couvrez la r\u00e9silience et la performance classique des planches de surf en POLYUR\u00c9THANE chez UWL Surfboards. Tradition et qualit\u00e9 pour tous les surfeurs.","_seopress_robots_index":"","inline_featured_image":false,"footnotes":""},"class_list":["post-239","page","type-page","status-publish","has-post-thumbnail","hentry"],"acpt":{"meta":[]},"_links":{"self":[{"href":"https:\/\/uwl-surfboards.com\/en\/wp-json\/wp\/v2\/pages\/239","targetHints":{"allow":["GET"]}}],"collection":[{"href":"https:\/\/uwl-surfboards.com\/en\/wp-json\/wp\/v2\/pages"}],"about":[{"href":"https:\/\/uwl-surfboards.com\/en\/wp-json\/wp\/v2\/types\/page"}],"author":[{"embeddable":true,"href":"https:\/\/uwl-surfboards.com\/en\/wp-json\/wp\/v2\/users\/1"}],"replies":[{"embeddable":true,"href":"https:\/\/uwl-surfboards.com\/en\/wp-json\/wp\/v2\/comments?post=239"}],"version-history":[{"count":2,"href":"https:\/\/uwl-surfboards.com\/en\/wp-json\/wp\/v2\/pages\/239\/revisions"}],"predecessor-version":[{"id":542,"href":"https:\/\/uwl-surfboards.com\/en\/wp-json\/wp\/v2\/pages\/239\/revisions\/542"}],"up":[{"embeddable":true,"href":"https:\/\/uwl-surfboards.com\/en\/wp-json\/wp\/v2\/pages\/247"}],"wp:featuredmedia":[{"embeddable":true,"href":"https:\/\/uwl-surfboards.com\/en\/wp-json\/wp\/v2\/media\/375"}],"wp:attachment":[{"href":"https:\/\/uwl-surfboards.com\/en\/wp-json\/wp\/v2\/media?parent=239"}],"curies":[{"name":"wp","href":"https:\/\/api.w.org\/{rel}","templated":true}]}}