{"id":241,"date":"2023-06-22T14:17:54","date_gmt":"2023-06-22T12:17:54","guid":{"rendered":"https:\/\/uwl-surfboards.com\/?page_id=241"},"modified":"2024-02-26T13:04:16","modified_gmt":"2024-02-26T12:04:16","slug":"eps","status":"publish","type":"page","link":"https:\/\/uwl-surfboards.com\/es\/technologies\/eps\/","title":{"rendered":"EPS (POLIESTIRENO EXPANDIDO)"},"content":{"rendered":"","protected":false},"excerpt":{"rendered":"","protected":false},"author":1,"featured_media":378,"parent":247,"menu_order":0,"comment_status":"closed","ping_status":"closed","template":"","meta":{"_seopress_robots_primary_cat":"","_seopress_titles_title":"Planches de Surf en EPS : L\u00e9g\u00e8ret\u00e9 &amp; Performance | UWL Surfboards","_seopress_titles_desc":"Les planches de surf en EPS chez UWL Surfboards offrent une l\u00e9g\u00e8ret\u00e9 in\u00e9gal\u00e9e et une durabilit\u00e9 exceptionnelle. Parfaites pour les surfeurs cherchant \u00e0 repousser les limites.","_seopress_robots_index":"","inline_featured_image":false,"footnotes":""},"class_list":["post-241","page","type-page","status-publish","has-post-thumbnail","hentry"],"acpt":{"meta":[]},"_links":{"self":[{"href":"https:\/\/uwl-surfboards.com\/es\/wp-json\/wp\/v2\/pages\/241","targetHints":{"allow":["GET"]}}],"collection":[{"href":"https:\/\/uwl-surfboards.com\/es\/wp-json\/wp\/v2\/pages"}],"about":[{"href":"https:\/\/uwl-surfboards.com\/es\/wp-json\/wp\/v2\/types\/page"}],"author":[{"embeddable":true,"href":"https:\/\/uwl-surfboards.com\/es\/wp-json\/wp\/v2\/users\/1"}],"replies":[{"embeddable":true,"href":"https:\/\/uwl-surfboards.com\/es\/wp-json\/wp\/v2\/comments?post=241"}],"version-history":[{"count":3,"href":"https:\/\/uwl-surfboards.com\/es\/wp-json\/wp\/v2\/pages\/241\/revisions"}],"predecessor-version":[{"id":545,"href":"https:\/\/uwl-surfboards.com\/es\/wp-json\/wp\/v2\/pages\/241\/revisions\/545"}],"up":[{"embeddable":true,"href":"https:\/\/uwl-surfboards.com\/es\/wp-json\/wp\/v2\/pages\/247"}],"wp:featuredmedia":[{"embeddable":true,"href":"https:\/\/uwl-surfboards.com\/es\/wp-json\/wp\/v2\/media\/378"}],"wp:attachment":[{"href":"https:\/\/uwl-surfboards.com\/es\/wp-json\/wp\/v2\/media?parent=241"}],"curies":[{"name":"wp","href":"https:\/\/api.w.org\/{rel}","templated":true}]}}