{"id":245,"date":"2023-06-22T14:18:32","date_gmt":"2023-06-22T12:18:32","guid":{"rendered":"https:\/\/uwl-surfboards.com\/?page_id=245"},"modified":"2024-02-26T13:04:00","modified_gmt":"2024-02-26T12:04:00","slug":"eps-soric","status":"publish","type":"page","link":"https:\/\/uwl-surfboards.com\/es\/technologies\/eps-soric\/","title":{"rendered":"EPS Soric"},"content":{"rendered":"","protected":false},"excerpt":{"rendered":"","protected":false},"author":1,"featured_media":539,"parent":247,"menu_order":0,"comment_status":"closed","ping_status":"closed","template":"","meta":{"_seopress_robots_primary_cat":"","_seopress_titles_title":"Innovation des Planches de Surf en SORIC | UWL Surfboards","_seopress_titles_desc":"Embrassez l&#039;avenir du surf avec les planches en SORIC de UWL Surfboards. L\u00e9g\u00e8ret\u00e9, solidit\u00e9, et innovation pour une exp\u00e9rience de surf r\u00e9volutionn\u00e9e.","_seopress_robots_index":"","inline_featured_image":false,"footnotes":""},"class_list":["post-245","page","type-page","status-publish","has-post-thumbnail","hentry"],"acpt":{"meta":[]},"_links":{"self":[{"href":"https:\/\/uwl-surfboards.com\/es\/wp-json\/wp\/v2\/pages\/245","targetHints":{"allow":["GET"]}}],"collection":[{"href":"https:\/\/uwl-surfboards.com\/es\/wp-json\/wp\/v2\/pages"}],"about":[{"href":"https:\/\/uwl-surfboards.com\/es\/wp-json\/wp\/v2\/types\/page"}],"author":[{"embeddable":true,"href":"https:\/\/uwl-surfboards.com\/es\/wp-json\/wp\/v2\/users\/1"}],"replies":[{"embeddable":true,"href":"https:\/\/uwl-surfboards.com\/es\/wp-json\/wp\/v2\/comments?post=245"}],"version-history":[{"count":2,"href":"https:\/\/uwl-surfboards.com\/es\/wp-json\/wp\/v2\/pages\/245\/revisions"}],"predecessor-version":[{"id":543,"href":"https:\/\/uwl-surfboards.com\/es\/wp-json\/wp\/v2\/pages\/245\/revisions\/543"}],"up":[{"embeddable":true,"href":"https:\/\/uwl-surfboards.com\/es\/wp-json\/wp\/v2\/pages\/247"}],"wp:featuredmedia":[{"embeddable":true,"href":"https:\/\/uwl-surfboards.com\/es\/wp-json\/wp\/v2\/media\/539"}],"wp:attachment":[{"href":"https:\/\/uwl-surfboards.com\/es\/wp-json\/wp\/v2\/media?parent=245"}],"curies":[{"name":"wp","href":"https:\/\/api.w.org\/{rel}","templated":true}]}}