{"id":247,"date":"2023-06-22T14:18:49","date_gmt":"2023-06-22T12:18:49","guid":{"rendered":"https:\/\/uwl-surfboards.com\/?page_id=247"},"modified":"2024-02-26T12:59:57","modified_gmt":"2024-02-26T11:59:57","slug":"tecnologias","status":"publish","type":"page","link":"https:\/\/uwl-surfboards.com\/es\/technologies\/","title":{"rendered":"Tecnolog\u00edas"},"content":{"rendered":"","protected":false},"excerpt":{"rendered":"","protected":false},"author":1,"featured_media":368,"parent":0,"menu_order":0,"comment_status":"closed","ping_status":"closed","template":"","meta":{"_seopress_robots_primary_cat":"","_seopress_titles_title":"UWL Surfboards - Technologies de Fabrication des Planches de Surf","_seopress_titles_desc":"Explorez les technologies avanc\u00e9es de fabrication de planches de surf chez UWL - Surfboards : POLYUR\u00c9THANE, EPS, et SORIC. Innovation et performance r\u00e9unies.","_seopress_robots_index":"","inline_featured_image":false,"footnotes":""},"class_list":["post-247","page","type-page","status-publish","has-post-thumbnail","hentry"],"acpt":{"meta":[]},"_links":{"self":[{"href":"https:\/\/uwl-surfboards.com\/es\/wp-json\/wp\/v2\/pages\/247","targetHints":{"allow":["GET"]}}],"collection":[{"href":"https:\/\/uwl-surfboards.com\/es\/wp-json\/wp\/v2\/pages"}],"about":[{"href":"https:\/\/uwl-surfboards.com\/es\/wp-json\/wp\/v2\/types\/page"}],"author":[{"embeddable":true,"href":"https:\/\/uwl-surfboards.com\/es\/wp-json\/wp\/v2\/users\/1"}],"replies":[{"embeddable":true,"href":"https:\/\/uwl-surfboards.com\/es\/wp-json\/wp\/v2\/comments?post=247"}],"version-history":[{"count":2,"href":"https:\/\/uwl-surfboards.com\/es\/wp-json\/wp\/v2\/pages\/247\/revisions"}],"predecessor-version":[{"id":541,"href":"https:\/\/uwl-surfboards.com\/es\/wp-json\/wp\/v2\/pages\/247\/revisions\/541"}],"wp:featuredmedia":[{"embeddable":true,"href":"https:\/\/uwl-surfboards.com\/es\/wp-json\/wp\/v2\/media\/368"}],"wp:attachment":[{"href":"https:\/\/uwl-surfboards.com\/es\/wp-json\/wp\/v2\/media?parent=247"}],"curies":[{"name":"wp","href":"https:\/\/api.w.org\/{rel}","templated":true}]}}