{"id":385,"date":"2023-06-26T12:01:51","date_gmt":"2023-06-26T10:01:51","guid":{"rendered":"https:\/\/uwl-surfboards.com\/?page_id=385"},"modified":"2024-02-26T14:52:53","modified_gmt":"2024-02-26T13:52:53","slug":"proveedor-preferido","status":"publish","type":"page","link":"https:\/\/uwl-surfboards.com\/es\/company\/fournisseur-priviliege\/","title":{"rendered":"Proveedor preferente"},"content":{"rendered":"","protected":false},"excerpt":{"rendered":"","protected":false},"author":1,"featured_media":465,"parent":233,"menu_order":0,"comment_status":"closed","ping_status":"closed","template":"","meta":{"_seopress_robots_primary_cat":"","_seopress_titles_title":"","_seopress_titles_desc":"Devenez partenaire de UWL Surfboards et enrichissez votre offre avec nos planches de surf premium \ud83e\udd1d. Remplissez notre formulaire de demande de partenariat si vous \u00eates une \u00e9cole de surf ou une entreprise cherchant des mod\u00e8les de qualit\u00e9 pour vos cours.","_seopress_robots_index":"","inline_featured_image":false,"footnotes":""},"class_list":["post-385","page","type-page","status-publish","has-post-thumbnail","hentry"],"acpt":{"meta":[]},"_links":{"self":[{"href":"https:\/\/uwl-surfboards.com\/es\/wp-json\/wp\/v2\/pages\/385","targetHints":{"allow":["GET"]}}],"collection":[{"href":"https:\/\/uwl-surfboards.com\/es\/wp-json\/wp\/v2\/pages"}],"about":[{"href":"https:\/\/uwl-surfboards.com\/es\/wp-json\/wp\/v2\/types\/page"}],"author":[{"embeddable":true,"href":"https:\/\/uwl-surfboards.com\/es\/wp-json\/wp\/v2\/users\/1"}],"replies":[{"embeddable":true,"href":"https:\/\/uwl-surfboards.com\/es\/wp-json\/wp\/v2\/comments?post=385"}],"version-history":[{"count":3,"href":"https:\/\/uwl-surfboards.com\/es\/wp-json\/wp\/v2\/pages\/385\/revisions"}],"predecessor-version":[{"id":576,"href":"https:\/\/uwl-surfboards.com\/es\/wp-json\/wp\/v2\/pages\/385\/revisions\/576"}],"up":[{"embeddable":true,"href":"https:\/\/uwl-surfboards.com\/es\/wp-json\/wp\/v2\/pages\/233"}],"wp:featuredmedia":[{"embeddable":true,"href":"https:\/\/uwl-surfboards.com\/es\/wp-json\/wp\/v2\/media\/465"}],"wp:attachment":[{"href":"https:\/\/uwl-surfboards.com\/es\/wp-json\/wp\/v2\/media?parent=385"}],"curies":[{"name":"wp","href":"https:\/\/api.w.org\/{rel}","templated":true}]}}